{"id":3449,"date":"2023-10-03T07:44:21","date_gmt":"2023-10-03T05:44:21","guid":{"rendered":"https:\/\/flashenergia.it\/privacy-policy\/"},"modified":"2024-03-26T16:23:19","modified_gmt":"2024-03-26T15:23:19","slug":"privacy-policy","status":"publish","type":"page","link":"https:\/\/flashenergia.it\/en\/privacy-policy\/","title":{"rendered":"Privacy Policy"},"content":{"rendered":"\t\t<div data-elementor-type=\"wp-page\" data-elementor-id=\"3449\" class=\"elementor elementor-3449 elementor-3\" data-elementor-post-type=\"page\">\n\t\t\t\t<div class=\"elementor-element elementor-element-b960ca5 elementor-hidden-tablet elementor-hidden-mobile e-flex e-con-boxed e-con e-parent\" data-id=\"b960ca5\" data-element_type=\"container\" data-e-type=\"container\" data-settings=\"{&quot;background_background&quot;:&quot;classic&quot;}\">\n\t\t\t\t\t<div class=\"e-con-inner\">\n\t\t\t\t\t<\/div>\n\t\t\t\t<\/div>\n\t\t<div class=\"elementor-element elementor-element-123ff58 e-flex e-con-boxed e-con e-parent\" data-id=\"123ff58\" data-element_type=\"container\" data-e-type=\"container\">\n\t\t\t\t\t<div class=\"e-con-inner\">\n\t\t\t\t<div class=\"elementor-element elementor-element-457f149 elementor-widget elementor-widget-heading\" data-id=\"457f149\" data-element_type=\"widget\" data-e-type=\"widget\" data-widget_type=\"heading.default\">\n\t\t\t\t<div class=\"elementor-widget-container\">\n\t\t\t\t\t<h2 class=\"elementor-heading-title elementor-size-default\">Privacy e Sicurezza<\/h2>\t\t\t\t<\/div>\n\t\t\t\t<\/div>\n\t\t\t\t<div class=\"elementor-element elementor-element-a745868 elementor-widget elementor-widget-text-editor\" data-id=\"a745868\" data-element_type=\"widget\" data-e-type=\"widget\" data-widget_type=\"text-editor.default\">\n\t\t\t\t<div class=\"elementor-widget-container\">\n\t\t\t\t\t\t\t\t\t<p class=\"p1\"><b><\/b>In osservanza di quanto previsto dalla vigente normativa in materia di protezione dei dati personali, vale a dire il Regolamento UE n.2016\/679 (anche detto \u201cGDPR\u201d) e, per quanto applicabile, dalla normativa italiana complementare, nonch\u00e9 dai Provvedimenti emessi dall\u2019Autorit\u00e0 Garante della privacy (da qui in poi, cumulativamente, \u201cla Normativa privacy\u201d) desideriamo informare in merito al trattamento dei dati personali ottenuti attraverso https:\/\/flashenergia.it<\/p>\n<p><b>a) Identit\u00e0 e dati di contatto del Titolare del trattamento<\/b><br \/>Titolare del trattamento \u00e8 Flash S.p.A., con sede legale in Corso Venezia, 16 \u2013 20121 Milano, di seguito il \u201cTitolare\u201d. I suoi dati di contatto sono i seguenti: <a href=\"mailto:info.flash@wrmgroup.net\"><span class=\"s1\">info.flash@wrmgroup.net <\/span><\/a>, oppure al citato indirizzo.<\/p>\n<p><b>b) Scopo, categorie di dati e finalit\u00e0 di conservazione<br \/><\/b>Possiamo raccogliere o ricevere informazioni personali per una serie di scopi legati alle nostre operazioni commerciali che possono includere quanto segue:<b><br \/><\/b><br \/>i) Contatto \u2013 Tramite telefono, posta, email e\/o moduli web<b><br \/><\/b>Per questo scopo usiamo i seguenti dati:<br \/>Un nome e cognome<br \/>Un indirizzo email<br \/>Un numero di telefono<b><br \/><\/b>La base con la quale processiamo i dati \u00e8 su disposizione del consenso.<\/p>\n<p class=\"p2\">ii) Compilazione ed analisi di statistiche per migliorare il sito.<\/p>\n<p class=\"p2\">Per questo scopo usiamo i seguenti dati:<br \/>Informazione attivit\u00e0 internet, incluso ma senza limitarsi ad essi, cronologia navigazione, cronologia ricerche, ed informazioni riguardo l&#8217;interazione di un utente con un sito web internet, applicazioni o pubblicit\u00e0<br \/>La base con la quale processiamo i dati \u00e8 su disposizione del consenso.<\/p>\n<p class=\"p3\"><span class=\"s2\"><b>c) Fonte dei dati<\/b><\/span><br \/><span class=\"s2\">I dati personali trattati sono quelli che lei ci fornisce direttamente o quelli di navigazione sul nostro sito per l\u2019invio della sua richiesta.<\/span><\/p>\n<p><span class=\"s2\"><b>d) Cookies<\/b><\/span><br \/><span class=\"s2\">Il sito www.flashenergia.it utilizza esclusivamente cookies tecnici e non utilizza cookies di profilazione o di terze parti.<\/span><\/p>\n<p class=\"p2\"><b>e) Modalit\u00e0 del trattamento e periodo di conservazione dei dati<\/b><br \/>I dati personali saranno trattati sia con strumenti elettronici sia senza l\u2019ausilio di strumenti elettronici, utilizzando misure di sicurezza adeguate contro i rischi di distruzione o perdita, la modifica, la divulgazione non autorizzata o l\u2019accesso ai dati personali trasmessi, conservati o comunque trattati.<br \/>Conserviamo questi dati fino al termine del servizio.<\/p>\n<p><b>f) Destinatari dei dati personali. Soggetti che possono venirne a conoscenza.<\/b><br \/>Allo scopo di consentire la realizzazione della finalit\u00e0 sopra indicata, i dati potranno essere resi conoscibili ai seguenti soggetti:<\/p>\n<p class=\"p4\">i) ai dipendenti e collaboratori del Titolare del settore commerciale, marketing, amministrativo e tecnico che agiscono sotto la sua autorit\u00e0 e che risultano autorizzati a trattarli in qualit\u00e0 di incaricati o persone autorizzate;<\/p>\n<p class=\"p4\">ii) ai soggetti la cui attivit\u00e0 \u00e8 necessaria per l\u2019esecuzione dei servizi da lei richiesti;<\/p>\n<p class=\"p4\">iii) a soggetti terzi a cui il Titolare eventualmente esternalizza talune attivit\u00e0 e che di conseguenza erogano alla scrivente determinati servizi strumentali, comunque correlati ai trattamenti e alla finalit\u00e0 sopra descritta, quali ad esempio operatori che prestano servizi amministrativi, contabili, fiscali, di revisione, di gestione del sistema informativo, di riscossione del credito, di archiviazione di massa, servizi di supporto al cliente. Tali soggetti terzi effettuano trattamenti per conto del Titolare e risultano autorizzati a trattarli in qualit\u00e0 di Responsabili del trattamento secondo quanto previsto dall\u2019art 28 del GDPR;<\/p>\n<p class=\"p4\">iv) alle Pubbliche Amministrazioni, alle autorit\u00e0 di sicurezza, ispettive e, pi\u00f9 in generale, ai soggetti ai quali la facolt\u00e0 di accedere ai dati sia riconosciuta da specifiche disposizioni di legge o da un provvedimento emesso da una autorit\u00e0 a ci\u00f2 legittimata dalla legge;<\/p>\n<p class=\"p4\">v) Se il nostro sito Web o organizzazione viene rilevato, venduto o coinvolto in una fusione o acquisizione, i suoi dati potrebbero essere divulgati ai nostri consulenti e a eventuali potenziali acquirenti e saranno trasmessi ai nuovi proprietari.<\/p>\n<p class=\"p2\">I Suoi dati non saranno diffusi, vale a dire che non saranno resi conoscibili a soggetti indeterminati.<\/p>\n<p class=\"p2\"><b>h) I suoi diritti<\/b><br \/>Il GDPR le riconosce i seguenti diritti in relazione ai suoi dati personali che potr\u00e0 esercitare nei limiti e in conformit\u00e0 a quanto previsto dalla normativa:<\/p>\n<ul class=\"ul1\">\n<li class=\"li5\"><span class=\"s2\">Diritto di accesso ai suoi dati personali (art. 15); Diritto di rettifica (art. 16); Diritto di cancellazione (diritto all\u2019oblio) (art. 17); Diritto di limitazione di trattamento (art. 18); Diritto alla portabilit\u00e0 dei dati (art. 20); Diritto di opposizione (art. 21); Diritto di opporsi a una decisione basata unicamente sul trattamento automatizzato (art. 22); Il diritto di revocare, in qualsiasi momento, il consenso rilasciato, senza pregiudicare la liceit\u00e0 del trattamento basata sul consenso prestato prima della revoca (art 7.3);<br \/>potr\u00e0 ottenere ci\u00f2 inviando una richiesta scritta indirizzata al Titolare del trattamento all\u2019indirizzo postale o tramite e-mail, come indicato nel precedente punto A. Inoltre lei ha:<br \/><\/span><\/li>\n<li class=\"li5\"><span class=\"s2\">Diritto di contattare il Titolare per tutte le questioni relative al trattamento dei suoi dati personali e all\u2019esercizio dei diritti derivanti dal Regolamento Europeo.<\/span><\/li>\n<li class=\"li5\"><span class=\"s2\">Diritto di proporre reclamo all\u2019Autorit\u00e0 Garante della protezione dei dati (<a href=\"https:\/\/www.garanteprivacy.it\/\"><span class=\"s1\">www.garanteprivacy.it<\/span><\/a>) qualora ritenga che il trattamento dei suoi dati sia contrario alla normativa in vigore (art 77) o agire in sede giudiziaria (art 79).<\/span><\/li>\n<\/ul>\n\t\t\t\t\t\t\t\t<\/div>\n\t\t\t\t<\/div>\n\t\t\t\t\t<\/div>\n\t\t\t\t<\/div>\n\t\t\t\t<\/div>\n\t\t","protected":false},"excerpt":{"rendered":"<p>Privacy e Sicurezza In osservanza di quanto previsto dalla vigente normativa in materia di protezione dei dati personali, vale a dire il Regolamento UE n.2016\/679 (anche detto \u201cGDPR\u201d) e, per quanto applicabile, dalla normativa italiana complementare, nonch\u00e9 dai Provvedimenti emessi dall\u2019Autorit\u00e0 Garante della privacy (da qui in poi, cumulativamente, \u201cla Normativa privacy\u201d) desideriamo informare in [&hellip;]<\/p>\n","protected":false},"author":1,"featured_media":0,"parent":0,"menu_order":0,"comment_status":"closed","ping_status":"closed","template":"","meta":{"footnotes":""},"class_list":["post-3449","page","type-page","status-publish","hentry"],"yoast_head":"<!-- This site is optimized with the Yoast SEO plugin v27.4 - https:\/\/yoast.com\/product\/yoast-seo-wordpress\/ -->\n<title>Privacy Policy - Flash<\/title>\n<meta name=\"robots\" content=\"index, follow, max-snippet:-1, max-image-preview:large, max-video-preview:-1\" \/>\n<link rel=\"canonical\" href=\"https:\/\/flashenergia.it\/en\/privacy-policy\/\" \/>\n<meta property=\"og:locale\" content=\"en_US\" \/>\n<meta property=\"og:type\" content=\"article\" \/>\n<meta property=\"og:title\" content=\"Privacy Policy - Flash\" \/>\n<meta property=\"og:description\" content=\"Privacy e Sicurezza In osservanza di quanto previsto dalla vigente normativa in materia di protezione dei dati personali, vale a dire il Regolamento UE n.2016\/679 (anche detto \u201cGDPR\u201d) e, per quanto applicabile, dalla normativa italiana complementare, nonch\u00e9 dai Provvedimenti emessi dall\u2019Autorit\u00e0 Garante della privacy (da qui in poi, cumulativamente, \u201cla Normativa privacy\u201d) desideriamo informare in [&hellip;]\" \/>\n<meta property=\"og:url\" content=\"https:\/\/flashenergia.it\/en\/privacy-policy\/\" \/>\n<meta property=\"og:site_name\" content=\"Flash\" \/>\n<meta property=\"article:modified_time\" content=\"2024-03-26T15:23:19+00:00\" \/>\n<meta name=\"twitter:card\" content=\"summary_large_image\" \/>\n<meta name=\"twitter:label1\" content=\"Est. reading time\" \/>\n\t<meta name=\"twitter:data1\" content=\"4 minutes\" \/>\n<script type=\"application\/ld+json\" class=\"yoast-schema-graph\">{\"@context\":\"https:\\\/\\\/schema.org\",\"@graph\":[{\"@type\":\"WebPage\",\"@id\":\"https:\\\/\\\/flashenergia.it\\\/en\\\/privacy-policy\\\/\",\"url\":\"https:\\\/\\\/flashenergia.it\\\/en\\\/privacy-policy\\\/\",\"name\":\"Privacy Policy - Flash\",\"isPartOf\":{\"@id\":\"https:\\\/\\\/flashenergia.it\\\/en\\\/#website\"},\"datePublished\":\"2023-10-03T05:44:21+00:00\",\"dateModified\":\"2024-03-26T15:23:19+00:00\",\"breadcrumb\":{\"@id\":\"https:\\\/\\\/flashenergia.it\\\/en\\\/privacy-policy\\\/#breadcrumb\"},\"inLanguage\":\"en-US\",\"potentialAction\":[{\"@type\":\"ReadAction\",\"target\":[\"https:\\\/\\\/flashenergia.it\\\/en\\\/privacy-policy\\\/\"]}]},{\"@type\":\"BreadcrumbList\",\"@id\":\"https:\\\/\\\/flashenergia.it\\\/en\\\/privacy-policy\\\/#breadcrumb\",\"itemListElement\":[{\"@type\":\"ListItem\",\"position\":1,\"name\":\"Home\",\"item\":\"https:\\\/\\\/flashenergia.it\\\/en\\\/\"},{\"@type\":\"ListItem\",\"position\":2,\"name\":\"Privacy Policy\"}]},{\"@type\":\"WebSite\",\"@id\":\"https:\\\/\\\/flashenergia.it\\\/en\\\/#website\",\"url\":\"https:\\\/\\\/flashenergia.it\\\/en\\\/\",\"name\":\"Flash\",\"description\":\"\",\"publisher\":{\"@id\":\"https:\\\/\\\/flashenergia.it\\\/en\\\/#organization\"},\"potentialAction\":[{\"@type\":\"SearchAction\",\"target\":{\"@type\":\"EntryPoint\",\"urlTemplate\":\"https:\\\/\\\/flashenergia.it\\\/en\\\/?s={search_term_string}\"},\"query-input\":{\"@type\":\"PropertyValueSpecification\",\"valueRequired\":true,\"valueName\":\"search_term_string\"}}],\"inLanguage\":\"en-US\"},{\"@type\":\"Organization\",\"@id\":\"https:\\\/\\\/flashenergia.it\\\/en\\\/#organization\",\"name\":\"Flash\",\"url\":\"https:\\\/\\\/flashenergia.it\\\/en\\\/\",\"logo\":{\"@type\":\"ImageObject\",\"inLanguage\":\"en-US\",\"@id\":\"https:\\\/\\\/flashenergia.it\\\/en\\\/#\\\/schema\\\/logo\\\/image\\\/\",\"url\":\"https:\\\/\\\/flashenergia.it\\\/wp-content\\\/uploads\\\/2023\\\/10\\\/Logo-Flash.svg\",\"contentUrl\":\"https:\\\/\\\/flashenergia.it\\\/wp-content\\\/uploads\\\/2023\\\/10\\\/Logo-Flash.svg\",\"width\":399,\"height\":112,\"caption\":\"Flash\"},\"image\":{\"@id\":\"https:\\\/\\\/flashenergia.it\\\/en\\\/#\\\/schema\\\/logo\\\/image\\\/\"}}]}<\/script>\n<!-- \/ Yoast SEO plugin. -->","yoast_head_json":{"title":"Privacy Policy - Flash","robots":{"index":"index","follow":"follow","max-snippet":"max-snippet:-1","max-image-preview":"max-image-preview:large","max-video-preview":"max-video-preview:-1"},"canonical":"https:\/\/flashenergia.it\/en\/privacy-policy\/","og_locale":"en_US","og_type":"article","og_title":"Privacy Policy - Flash","og_description":"Privacy e Sicurezza In osservanza di quanto previsto dalla vigente normativa in materia di protezione dei dati personali, vale a dire il Regolamento UE n.2016\/679 (anche detto \u201cGDPR\u201d) e, per quanto applicabile, dalla normativa italiana complementare, nonch\u00e9 dai Provvedimenti emessi dall\u2019Autorit\u00e0 Garante della privacy (da qui in poi, cumulativamente, \u201cla Normativa privacy\u201d) desideriamo informare in [&hellip;]","og_url":"https:\/\/flashenergia.it\/en\/privacy-policy\/","og_site_name":"Flash","article_modified_time":"2024-03-26T15:23:19+00:00","twitter_card":"summary_large_image","twitter_misc":{"Est. reading time":"4 minutes"},"schema":{"@context":"https:\/\/schema.org","@graph":[{"@type":"WebPage","@id":"https:\/\/flashenergia.it\/en\/privacy-policy\/","url":"https:\/\/flashenergia.it\/en\/privacy-policy\/","name":"Privacy Policy - Flash","isPartOf":{"@id":"https:\/\/flashenergia.it\/en\/#website"},"datePublished":"2023-10-03T05:44:21+00:00","dateModified":"2024-03-26T15:23:19+00:00","breadcrumb":{"@id":"https:\/\/flashenergia.it\/en\/privacy-policy\/#breadcrumb"},"inLanguage":"en-US","potentialAction":[{"@type":"ReadAction","target":["https:\/\/flashenergia.it\/en\/privacy-policy\/"]}]},{"@type":"BreadcrumbList","@id":"https:\/\/flashenergia.it\/en\/privacy-policy\/#breadcrumb","itemListElement":[{"@type":"ListItem","position":1,"name":"Home","item":"https:\/\/flashenergia.it\/en\/"},{"@type":"ListItem","position":2,"name":"Privacy Policy"}]},{"@type":"WebSite","@id":"https:\/\/flashenergia.it\/en\/#website","url":"https:\/\/flashenergia.it\/en\/","name":"Flash","description":"","publisher":{"@id":"https:\/\/flashenergia.it\/en\/#organization"},"potentialAction":[{"@type":"SearchAction","target":{"@type":"EntryPoint","urlTemplate":"https:\/\/flashenergia.it\/en\/?s={search_term_string}"},"query-input":{"@type":"PropertyValueSpecification","valueRequired":true,"valueName":"search_term_string"}}],"inLanguage":"en-US"},{"@type":"Organization","@id":"https:\/\/flashenergia.it\/en\/#organization","name":"Flash","url":"https:\/\/flashenergia.it\/en\/","logo":{"@type":"ImageObject","inLanguage":"en-US","@id":"https:\/\/flashenergia.it\/en\/#\/schema\/logo\/image\/","url":"https:\/\/flashenergia.it\/wp-content\/uploads\/2023\/10\/Logo-Flash.svg","contentUrl":"https:\/\/flashenergia.it\/wp-content\/uploads\/2023\/10\/Logo-Flash.svg","width":399,"height":112,"caption":"Flash"},"image":{"@id":"https:\/\/flashenergia.it\/en\/#\/schema\/logo\/image\/"}}]}},"_links":{"self":[{"href":"https:\/\/flashenergia.it\/en\/wp-json\/wp\/v2\/pages\/3449","targetHints":{"allow":["GET"]}}],"collection":[{"href":"https:\/\/flashenergia.it\/en\/wp-json\/wp\/v2\/pages"}],"about":[{"href":"https:\/\/flashenergia.it\/en\/wp-json\/wp\/v2\/types\/page"}],"author":[{"embeddable":true,"href":"https:\/\/flashenergia.it\/en\/wp-json\/wp\/v2\/users\/1"}],"replies":[{"embeddable":true,"href":"https:\/\/flashenergia.it\/en\/wp-json\/wp\/v2\/comments?post=3449"}],"version-history":[{"count":0,"href":"https:\/\/flashenergia.it\/en\/wp-json\/wp\/v2\/pages\/3449\/revisions"}],"wp:attachment":[{"href":"https:\/\/flashenergia.it\/en\/wp-json\/wp\/v2\/media?parent=3449"}],"curies":[{"name":"wp","href":"https:\/\/api.w.org\/{rel}","templated":true}]}}