{"id":3447,"date":"2024-03-22T12:37:11","date_gmt":"2024-03-22T11:37:11","guid":{"rendered":"https:\/\/flashenergia.it\/cookie-policy\/"},"modified":"2024-03-26T16:22:42","modified_gmt":"2024-03-26T15:22:42","slug":"cookie-policy","status":"publish","type":"page","link":"https:\/\/flashenergia.it\/en\/cookie-policy\/","title":{"rendered":"Cookie Policy"},"content":{"rendered":"\t\t<div data-elementor-type=\"wp-page\" data-elementor-id=\"3447\" class=\"elementor elementor-3447 elementor-3223\" data-elementor-post-type=\"page\">\n\t\t\t\t<div class=\"elementor-element elementor-element-f89bc2f elementor-hidden-tablet elementor-hidden-mobile e-flex e-con-boxed e-con e-parent\" data-id=\"f89bc2f\" data-element_type=\"container\" data-e-type=\"container\" data-settings=\"{&quot;background_background&quot;:&quot;classic&quot;}\">\n\t\t\t\t\t<div class=\"e-con-inner\">\n\t\t\t\t\t<\/div>\n\t\t\t\t<\/div>\n\t\t<div class=\"elementor-element elementor-element-36325d6 e-flex e-con-boxed e-con e-parent\" data-id=\"36325d6\" data-element_type=\"container\" data-e-type=\"container\">\n\t\t\t\t\t<div class=\"e-con-inner\">\n\t\t\t\t<div class=\"elementor-element elementor-element-6dd48e3 elementor-widget elementor-widget-heading\" data-id=\"6dd48e3\" data-element_type=\"widget\" data-e-type=\"widget\" data-widget_type=\"heading.default\">\n\t\t\t\t<div class=\"elementor-widget-container\">\n\t\t\t\t\t<h2 class=\"elementor-heading-title elementor-size-default\">Cookie Policy<\/h2>\t\t\t\t<\/div>\n\t\t\t\t<\/div>\n\t\t\t\t<div class=\"elementor-element elementor-element-897811a elementor-widget elementor-widget-text-editor\" data-id=\"897811a\" data-element_type=\"widget\" data-e-type=\"widget\" data-widget_type=\"text-editor.default\">\n\t\t\t\t<div class=\"elementor-widget-container\">\n\t\t\t\t\t\t\t\t\t<p class=\"p1\"><b>INFORMATIVA ESTESA \u2013 COOKIES<\/b><\/p>\n<p class=\"p2\"><b>Titolare del trattamento<\/b>: Flash S.p.A., titolare del trattamento dei dati, di seguito il \u201cTitolare\u201d, con sede legale in Corso Venezia 16 \u2013 Milano, contattabile al citato indirizzo o all\u2019indirizzo: info.flash<a href=\"mailto:privacy@margheritadistribuzione.it\"><span class=\"s1\">@wrmgroup.net<\/span><\/a>, informa che vengono raccolte informazioni relative all\u2019uso del sito tramite cookies. Quando un utente visita il sito, inviamo al suo dispositivo cookies che vengono memorizzati in modo univoco dal suo browser. Con il nuovo Regolamento (UE) 2016\/679 (\u201cGDPR\u201d) sulla protezione dei dati personali siamo tenuti ad informarti di come verranno utilizzati i tuoi dati raccolti attraverso cookies.<\/p>\n<p class=\"p2\"><b>Cosa sono i cookies<\/b>: I cookies sono stringhe di testo di piccole dimensioni che i siti visitati dall\u2019utente inviano al suo dispositivo, dove vengono memorizzati per essere poi trasmessi agli stessi siti in occasione della successiva visita del medesimo utente. Inoltre nel corso della navigazione sul sito, l\u2019utente pu\u00f2 ricevere sul suo terminale anche cookies che vengono inviati da siti o da web server diversi (c.d. Terze Parti).<\/p>\n<p class=\"p3\">L\u2019utente viene informato che il sito del Titolare invia anche cookies di profilazione e fa inviare anche cookies di Terze Parti.<\/p>\n<p>1) Cookies tecnici.<\/p>\n<p>I cookies tecnici sono quelli utilizzati al solo fine di &#8220;effettuare la trasmissione di una comunicazione su una rete di comunicazione elettronica, o nella misura strettamente necessaria al fornitore di un servizio della societ\u00e0 dell&#8217;informazione esplicitamente richiesto dall&#8217;abbonato o dall&#8217;utente a erogare tale servizio&#8221; (Provvedimento Garante per la protezione dei dati personali, Registro dei provvedimenti n. 229 dell\u20198 maggio 2014). Essi non vengono utilizzati per scopi ulteriori e sono normalmente installati direttamente dal titolare o gestore del sito web. L\u2019utente viene informato che l\u2019uso di cookies tecnici non prevede l\u2019obbligo di dare il consenso preventivo, come stabilito dall\u2019Autorit\u00e0 Garante per la protezione dei dati personali dell\u20198 maggio 2014 e successive modifiche e integrazioni. Il conferimento dei dati \u00e8 essenziale ai fini della navigazione sul sito.<\/p>\n<p class=\"p2\"><b>Destinatari dei dati personali: <\/b>I dati raccolti mediante i cookies, potranno essere utilizzati dal Titolare, dai loro dipendenti addetti alla manutenzione e gestione del sito e pi\u00f9 in generale da tutti i dipendenti anche di terze parti (fornitori di servizi, di infrastrutture, informatiche e simili) che siano coinvolti nella gestione e supervisione dello stesso e debitamente nominati responsabili del trattamento. In particolare i dati potranno essere resi conoscibili:<\/p>\n<ol class=\"ol1\">\n<li style=\"list-style-type: none;\">\n<ul class=\"ul1\">\n<li class=\"li4\"><span class=\"s3\">ai nostri dipendenti e collaboratori del settore commerciale, marketing, amministrativo e tecnico che agiscono sotto la nostra autorit\u00e0 e che risultano autorizzati a trattarli in qualit\u00e0 di Incaricati del trattamento;<\/span><\/li>\n<\/ul>\n<\/li>\n<\/ol>\n<p class=\"p5\">a soggetti terzi a cui la nostra azienda eventualmente esternalizza talune attivit\u00e0 e che di conseguenza erogano alla scrivente determinati servizi strumentali, comunque correlati ai trattamenti e alle finalit\u00e0 sopra descritte, quali ad esempio gestione del sito web, gestione dei cookies, gestione delle transazioni online, servizi di archiviazione, servizi di supporto al cliente. Tali soggetti terzi effettuano trattamenti per conto della nostra azienda e risultano autorizzati a trattarli in qualit\u00e0 di Responsabili del trattamento secondo quanto previsto dall\u2019art 28 del GDPR.<\/p>\n<p class=\"p2\"><b>Diritti che le sono riconosciuti<\/b>: Il GDPR le riconosce i seguenti diritti in relazione ai suoi dati personali che potr\u00e0 esercitare nei limiti e in conformit\u00e0 a quanto previsto dalla normativa:<\/p>\n<ol class=\"ol1\">\n<li style=\"list-style-type: none;\">\n<ul class=\"ul1\">\n<li class=\"li4\"><span class=\"s3\">Diritto di accesso ai suoi dati personali (art. 15);<\/span><\/li>\n<li class=\"li4\"><span class=\"s3\">Diritto di rettifica (art. 16);<\/span><\/li>\n<li class=\"li4\"><span class=\"s3\">Diritto di cancellazione (diritto all\u2019oblio) (art. 17);<\/span><\/li>\n<li class=\"li4\"><span class=\"s3\">Diritto di limitazione di trattamento (art. 18);<\/span><\/li>\n<li class=\"li4\"><span class=\"s3\">Diritto alla portabilit\u00e0 dei dati (art. 20);<\/span><\/li>\n<li class=\"li4\"><span class=\"s3\">Diritto di opposizione (art. 21);<\/span><\/li>\n<li class=\"li4\"><span class=\"s3\">Diritto di opporsi a una decisione basata unicamente sul trattamento automatizzato (art. 22);<\/span><\/li>\n<li class=\"li4\"><span class=\"s3\">Il diritto di revocare, in qualsiasi momento, il consenso rilasciato, senza pregiudicare la liceit\u00e0 del trattamento basata sul consenso prestato prima della revoca; potr\u00e0 ottenere ci\u00f2 inviando una richiesta scritta indirizzata al Titolare del trattamento all\u2019indirizzo postale o tramite e-mail, ai contatti indicati sopra;<\/span><\/li>\n<li class=\"li4\"><span class=\"s3\">Il diritto di proporre reclamo all\u2019Autorit\u00e0 Garante della protezione dei dati qualora ritenga che il trattamento dei suoi dati sia contrario alla normativa in vigore (<a href=\"https:\/\/www.garanteprivacy.it\/\"><span class=\"s1\">www.garanteprivacy.it<\/span><\/a>).\n<p><\/span><\/li>\n<\/ul>\n<\/li>\n<\/ol>\n<p class=\"p2\"><b>Periodo di conservazione<\/b>: tutti i cookies verranno conservati per il periodo necessario al raggiungimento della loro finalit\u00e0.<\/p>\n\t\t\t\t\t\t\t\t<\/div>\n\t\t\t\t<\/div>\n\t\t\t\t\t<\/div>\n\t\t\t\t<\/div>\n\t\t\t\t<\/div>\n\t\t","protected":false},"excerpt":{"rendered":"<p>Cookie Policy INFORMATIVA ESTESA \u2013 COOKIES Titolare del trattamento: Flash S.p.A., titolare del trattamento dei dati, di seguito il \u201cTitolare\u201d, con sede legale in Corso Venezia 16 \u2013 Milano, contattabile al citato indirizzo o all\u2019indirizzo: info.flash@wrmgroup.net, informa che vengono raccolte informazioni relative all\u2019uso del sito tramite cookies. Quando un utente visita il sito, inviamo al [&hellip;]<\/p>\n","protected":false},"author":1,"featured_media":0,"parent":0,"menu_order":0,"comment_status":"closed","ping_status":"closed","template":"","meta":{"footnotes":""},"class_list":["post-3447","page","type-page","status-publish","hentry"],"yoast_head":"<!-- This site is optimized with the Yoast SEO plugin v27.4 - https:\/\/yoast.com\/product\/yoast-seo-wordpress\/ -->\n<title>Cookie Policy - Flash<\/title>\n<meta name=\"robots\" content=\"index, follow, max-snippet:-1, max-image-preview:large, max-video-preview:-1\" \/>\n<link rel=\"canonical\" href=\"https:\/\/flashenergia.it\/en\/cookie-policy\/\" \/>\n<meta property=\"og:locale\" content=\"en_US\" \/>\n<meta property=\"og:type\" content=\"article\" \/>\n<meta property=\"og:title\" content=\"Cookie Policy - Flash\" \/>\n<meta property=\"og:description\" content=\"Cookie Policy INFORMATIVA ESTESA \u2013 COOKIES Titolare del trattamento: Flash S.p.A., titolare del trattamento dei dati, di seguito il \u201cTitolare\u201d, con sede legale in Corso Venezia 16 \u2013 Milano, contattabile al citato indirizzo o all\u2019indirizzo: info.flash@wrmgroup.net, informa che vengono raccolte informazioni relative all\u2019uso del sito tramite cookies. Quando un utente visita il sito, inviamo al [&hellip;]\" \/>\n<meta property=\"og:url\" content=\"https:\/\/flashenergia.it\/en\/cookie-policy\/\" \/>\n<meta property=\"og:site_name\" content=\"Flash\" \/>\n<meta property=\"article:modified_time\" content=\"2024-03-26T15:22:42+00:00\" \/>\n<meta name=\"twitter:card\" content=\"summary_large_image\" \/>\n<meta name=\"twitter:label1\" content=\"Est. reading time\" \/>\n\t<meta name=\"twitter:data1\" content=\"3 minutes\" \/>\n<script type=\"application\/ld+json\" class=\"yoast-schema-graph\">{\"@context\":\"https:\\\/\\\/schema.org\",\"@graph\":[{\"@type\":\"WebPage\",\"@id\":\"https:\\\/\\\/flashenergia.it\\\/en\\\/cookie-policy\\\/\",\"url\":\"https:\\\/\\\/flashenergia.it\\\/en\\\/cookie-policy\\\/\",\"name\":\"Cookie Policy - Flash\",\"isPartOf\":{\"@id\":\"https:\\\/\\\/flashenergia.it\\\/en\\\/#website\"},\"datePublished\":\"2024-03-22T11:37:11+00:00\",\"dateModified\":\"2024-03-26T15:22:42+00:00\",\"breadcrumb\":{\"@id\":\"https:\\\/\\\/flashenergia.it\\\/en\\\/cookie-policy\\\/#breadcrumb\"},\"inLanguage\":\"en-US\",\"potentialAction\":[{\"@type\":\"ReadAction\",\"target\":[\"https:\\\/\\\/flashenergia.it\\\/en\\\/cookie-policy\\\/\"]}]},{\"@type\":\"BreadcrumbList\",\"@id\":\"https:\\\/\\\/flashenergia.it\\\/en\\\/cookie-policy\\\/#breadcrumb\",\"itemListElement\":[{\"@type\":\"ListItem\",\"position\":1,\"name\":\"Home\",\"item\":\"https:\\\/\\\/flashenergia.it\\\/en\\\/\"},{\"@type\":\"ListItem\",\"position\":2,\"name\":\"Cookie Policy\"}]},{\"@type\":\"WebSite\",\"@id\":\"https:\\\/\\\/flashenergia.it\\\/en\\\/#website\",\"url\":\"https:\\\/\\\/flashenergia.it\\\/en\\\/\",\"name\":\"Flash\",\"description\":\"\",\"publisher\":{\"@id\":\"https:\\\/\\\/flashenergia.it\\\/en\\\/#organization\"},\"potentialAction\":[{\"@type\":\"SearchAction\",\"target\":{\"@type\":\"EntryPoint\",\"urlTemplate\":\"https:\\\/\\\/flashenergia.it\\\/en\\\/?s={search_term_string}\"},\"query-input\":{\"@type\":\"PropertyValueSpecification\",\"valueRequired\":true,\"valueName\":\"search_term_string\"}}],\"inLanguage\":\"en-US\"},{\"@type\":\"Organization\",\"@id\":\"https:\\\/\\\/flashenergia.it\\\/en\\\/#organization\",\"name\":\"Flash\",\"url\":\"https:\\\/\\\/flashenergia.it\\\/en\\\/\",\"logo\":{\"@type\":\"ImageObject\",\"inLanguage\":\"en-US\",\"@id\":\"https:\\\/\\\/flashenergia.it\\\/en\\\/#\\\/schema\\\/logo\\\/image\\\/\",\"url\":\"https:\\\/\\\/flashenergia.it\\\/wp-content\\\/uploads\\\/2023\\\/10\\\/Logo-Flash.svg\",\"contentUrl\":\"https:\\\/\\\/flashenergia.it\\\/wp-content\\\/uploads\\\/2023\\\/10\\\/Logo-Flash.svg\",\"width\":399,\"height\":112,\"caption\":\"Flash\"},\"image\":{\"@id\":\"https:\\\/\\\/flashenergia.it\\\/en\\\/#\\\/schema\\\/logo\\\/image\\\/\"}}]}<\/script>\n<!-- \/ Yoast SEO plugin. -->","yoast_head_json":{"title":"Cookie Policy - Flash","robots":{"index":"index","follow":"follow","max-snippet":"max-snippet:-1","max-image-preview":"max-image-preview:large","max-video-preview":"max-video-preview:-1"},"canonical":"https:\/\/flashenergia.it\/en\/cookie-policy\/","og_locale":"en_US","og_type":"article","og_title":"Cookie Policy - Flash","og_description":"Cookie Policy INFORMATIVA ESTESA \u2013 COOKIES Titolare del trattamento: Flash S.p.A., titolare del trattamento dei dati, di seguito il \u201cTitolare\u201d, con sede legale in Corso Venezia 16 \u2013 Milano, contattabile al citato indirizzo o all\u2019indirizzo: info.flash@wrmgroup.net, informa che vengono raccolte informazioni relative all\u2019uso del sito tramite cookies. Quando un utente visita il sito, inviamo al [&hellip;]","og_url":"https:\/\/flashenergia.it\/en\/cookie-policy\/","og_site_name":"Flash","article_modified_time":"2024-03-26T15:22:42+00:00","twitter_card":"summary_large_image","twitter_misc":{"Est. reading time":"3 minutes"},"schema":{"@context":"https:\/\/schema.org","@graph":[{"@type":"WebPage","@id":"https:\/\/flashenergia.it\/en\/cookie-policy\/","url":"https:\/\/flashenergia.it\/en\/cookie-policy\/","name":"Cookie Policy - Flash","isPartOf":{"@id":"https:\/\/flashenergia.it\/en\/#website"},"datePublished":"2024-03-22T11:37:11+00:00","dateModified":"2024-03-26T15:22:42+00:00","breadcrumb":{"@id":"https:\/\/flashenergia.it\/en\/cookie-policy\/#breadcrumb"},"inLanguage":"en-US","potentialAction":[{"@type":"ReadAction","target":["https:\/\/flashenergia.it\/en\/cookie-policy\/"]}]},{"@type":"BreadcrumbList","@id":"https:\/\/flashenergia.it\/en\/cookie-policy\/#breadcrumb","itemListElement":[{"@type":"ListItem","position":1,"name":"Home","item":"https:\/\/flashenergia.it\/en\/"},{"@type":"ListItem","position":2,"name":"Cookie Policy"}]},{"@type":"WebSite","@id":"https:\/\/flashenergia.it\/en\/#website","url":"https:\/\/flashenergia.it\/en\/","name":"Flash","description":"","publisher":{"@id":"https:\/\/flashenergia.it\/en\/#organization"},"potentialAction":[{"@type":"SearchAction","target":{"@type":"EntryPoint","urlTemplate":"https:\/\/flashenergia.it\/en\/?s={search_term_string}"},"query-input":{"@type":"PropertyValueSpecification","valueRequired":true,"valueName":"search_term_string"}}],"inLanguage":"en-US"},{"@type":"Organization","@id":"https:\/\/flashenergia.it\/en\/#organization","name":"Flash","url":"https:\/\/flashenergia.it\/en\/","logo":{"@type":"ImageObject","inLanguage":"en-US","@id":"https:\/\/flashenergia.it\/en\/#\/schema\/logo\/image\/","url":"https:\/\/flashenergia.it\/wp-content\/uploads\/2023\/10\/Logo-Flash.svg","contentUrl":"https:\/\/flashenergia.it\/wp-content\/uploads\/2023\/10\/Logo-Flash.svg","width":399,"height":112,"caption":"Flash"},"image":{"@id":"https:\/\/flashenergia.it\/en\/#\/schema\/logo\/image\/"}}]}},"_links":{"self":[{"href":"https:\/\/flashenergia.it\/en\/wp-json\/wp\/v2\/pages\/3447","targetHints":{"allow":["GET"]}}],"collection":[{"href":"https:\/\/flashenergia.it\/en\/wp-json\/wp\/v2\/pages"}],"about":[{"href":"https:\/\/flashenergia.it\/en\/wp-json\/wp\/v2\/types\/page"}],"author":[{"embeddable":true,"href":"https:\/\/flashenergia.it\/en\/wp-json\/wp\/v2\/users\/1"}],"replies":[{"embeddable":true,"href":"https:\/\/flashenergia.it\/en\/wp-json\/wp\/v2\/comments?post=3447"}],"version-history":[{"count":0,"href":"https:\/\/flashenergia.it\/en\/wp-json\/wp\/v2\/pages\/3447\/revisions"}],"wp:attachment":[{"href":"https:\/\/flashenergia.it\/en\/wp-json\/wp\/v2\/media?parent=3447"}],"curies":[{"name":"wp","href":"https:\/\/api.w.org\/{rel}","templated":true}]}}